{"id":329,"date":"2023-05-31T13:06:44","date_gmt":"2023-05-31T13:06:44","guid":{"rendered":"https:\/\/toepfermarkt-lalling.de\/?page_id=329"},"modified":"2026-03-17T13:14:13","modified_gmt":"2026-03-17T13:14:13","slug":"informationen","status":"publish","type":"page","link":"https:\/\/toepfermarkt-lalling.de\/?page_id=329","title":{"rendered":"Informationen"},"content":{"rendered":"<div data-colibri-id=\"329-c1\" class=\"style-414 style-local-329-c1 position-relative\">\n  <!---->\n  <div data-colibri-component=\"section\" data-colibri-id=\"329-c2\" id=\"about\" class=\"h-section h-section-global-spacing d-flex align-items-lg-center align-items-md-center align-items-center style-447 style-local-329-c2 position-relative\">\n    <!---->\n    <!---->\n    <div class=\"h-section-grid-container h-section-boxed-container\">\n      <!---->\n      <div data-colibri-id=\"329-c3\" class=\"h-row-container gutters-row-lg-0 gutters-row-md-0 gutters-row-0 gutters-row-v-lg-0 gutters-row-v-md-0 gutters-row-v-0 style-448 style-local-329-c3 position-relative\">\n        <!---->\n        <div class=\"h-row justify-content-lg-center justify-content-md-center justify-content-center align-items-lg-stretch align-items-md-stretch align-items-stretch gutters-col-lg-0 gutters-col-md-0 gutters-col-0 gutters-col-v-lg-0 gutters-col-v-md-0 gutters-col-v-0\">\n          <!---->\n          <div class=\"h-column h-column-container d-flex h-col-lg-auto h-col-md-auto h-col-auto style-449-outer style-local-329-c4-outer\">\n            <div data-colibri-id=\"329-c4\" class=\"d-flex h-flex-basis h-column__inner h-px-lg-0 h-px-md-0 h-px-0 v-inner-lg-0 v-inner-md-0 v-inner-0 style-449 style-local-329-c4 position-relative\">\n              <!---->\n              <!---->\n              <div class=\"w-100 h-y-container h-column__content h-column__v-align flex-basis-100 align-self-lg-start align-self-md-start align-self-start\">\n                <!---->\n                <div data-colibri-id=\"329-c5\" class=\"h-global-transition-all h-heading style-450 style-local-329-c5 position-relative h-element\">\n                  <!---->\n                  <div class=\"h-heading__outer style-450 style-local-329-c5\">\n                    <!---->\n                    <!---->\n                    <h2 class=\"\">T\u00f6pfermarkt Lalling<\/h2>\n                  <\/div>\n                <\/div>\n                <div data-colibri-id=\"329-c6\" class=\"h-global-transition-all h-heading style-451 style-local-329-c6 position-relative h-element\">\n                  <!---->\n                  <div class=\"h-heading__outer style-451 style-local-329-c6\">\n                    <!---->\n                    <!---->\n                    <h6 class=\"\">Samstag und Sonntag bietet sich von 10.00 bis 18.00 Uhr die Gelegenheit, Keramik hautnah zu erleben, die Aussteller pers\u00f6nlich kennen zu lernen und diesen einzigartigen Markt mit allen Sinnen zu genie\u00dfen.<\/h6>\n                  <\/div>\n                <\/div>\n                <div data-colibri-id=\"329-c7\" class=\"h-text h-text-component style-452 style-local-329-c7 position-relative h-element\">\n                  <!---->\n                  <!---->\n                  <div class=\"\">\n                    <p>Freuen&nbsp;Sie sich auf liebevoll gestaltete Gebrauchskeramiken wie Tassen, Schalen und Teller \u00fcber kunstvolle Einzelst\u00fccke bis hinzu au\u00dfergew\u00f6hnlicher Garten- und Schmuckkeramik.\n                      <br>\n                    <\/p>\n                  <\/div>\n                <\/div>\n              <\/div>\n            <\/div>\n          <\/div>\n          <div class=\"h-column h-column-container d-flex h-col-lg-auto h-col-md-auto h-col-auto style-453-outer style-local-329-c8-outer\">\n            <div data-colibri-id=\"329-c8\" class=\"d-flex h-flex-basis h-column__inner h-ui-empty-state-container h-px-lg-2 h-px-md-2 h-px-2 v-inner-lg-2 v-inner-md-2 v-inner-2 style-453 style-local-329-c8 position-relative\">\n              <!---->\n              <!---->\n              <div class=\"w-100 h-y-container h-column__content h-column__v-align flex-basis-100\">\n                <!---->\n              <\/div>\n            <\/div>\n          <\/div>\n        <\/div>\n      <\/div>\n    <\/div>\n  <\/div>\n  <div data-colibri-component=\"section\" data-colibri-id=\"329-c9\" id=\"about-2\" class=\"h-section h-section-global-spacing d-flex align-items-lg-center align-items-md-center align-items-center style-454 style-local-329-c9 position-relative\">\n    <!---->\n    <!---->\n    <div class=\"h-section-grid-container h-section-boxed-container\">\n      <!---->\n      <div data-colibri-id=\"329-c10\" class=\"h-row-container gutters-row-lg-0 gutters-row-md-0 gutters-row-0 gutters-row-v-lg-0 gutters-row-v-md-0 gutters-row-v-0 style-455 style-local-329-c10 position-relative\">\n        <!---->\n        <div class=\"h-row justify-content-lg-center justify-content-md-center justify-content-center align-items-lg-stretch align-items-md-stretch align-items-stretch gutters-col-lg-0 gutters-col-md-0 gutters-col-0 gutters-col-v-lg-0 gutters-col-v-md-0 gutters-col-v-0\">\n          <!---->\n          <div class=\"h-column h-column-container d-flex h-col-lg-auto h-col-md-auto h-col-auto style-456-outer style-local-329-c11-outer\">\n            <div data-colibri-id=\"329-c11\" class=\"d-flex h-flex-basis h-column__inner h-ui-empty-state-container h-px-lg-0 h-px-md-0 h-px-0 v-inner-lg-0 v-inner-md-0 v-inner-0 style-456 style-local-329-c11 position-relative\">\n              <!---->\n              <!---->\n              <div class=\"w-100 h-y-container h-column__content h-column__v-align flex-basis-100\">\n                <!---->\n              <\/div>\n            <\/div>\n          <\/div>\n          <div class=\"h-column h-column-container d-flex h-col-lg-auto h-col-md-auto h-col-auto style-457-outer style-local-329-c12-outer\">\n            <div data-colibri-id=\"329-c12\" class=\"d-flex h-flex-basis h-column__inner h-px-lg-2 h-px-md-2 h-px-2 v-inner-lg-2 v-inner-md-2 v-inner-2 style-457 style-local-329-c12 position-relative\">\n              <!---->\n              <!---->\n              <div class=\"w-100 h-y-container h-column__content h-column__v-align flex-basis-100 align-self-lg-start align-self-md-start align-self-start\">\n                <!---->\n                <div data-colibri-id=\"329-c13\" class=\"h-global-transition-all h-heading style-458 style-local-329-c13 position-relative h-element\">\n                  <!---->\n                  <div class=\"h-heading__outer style-458 style-local-329-c13\">\n                    <!---->\n                    <!---->\n                    <h2 class=\"\">Mostfest<\/h2>\n                  <\/div>\n                <\/div>\n                <div data-colibri-id=\"329-c14\" class=\"h-global-transition-all h-heading style-459 style-local-329-c14 position-relative h-element\">\n                  <!---->\n                  <div class=\"h-heading__outer style-459 style-local-329-c14\">\n                    <!---->\n                    <!---->\n                    <h6 class=\"\">Zeitgleich zum T\u00f6pfermarkt feiert die FFW Lalling das Mostfest im Zehentstadel. Freuen Sie sich auf Most und Saft von \u00c4pfeln aus dem Lallinger Winkel.<\/h6>\n                  <\/div>\n                <\/div>\n                <div data-colibri-id=\"329-c15\" class=\"h-text h-text-component style-460 style-local-329-c15 position-relative h-element\">\n                  <!---->\n                  <!---->\n                  <div class=\"\">\n                    <p>Samstag: 11.00 Uhr Festakt unter der Linde mit Kr\u00f6nung der neuen Deutschen Mostk\u00f6nigin und durch Herrn Landrat Bernd Sibler und offizielle Er\u00f6ffnung des Festwochenendes.<\/p>\n                    <p>Anschlie\u00dfend Mostausschank, Kaffee und Kuchen, Bayerische Brotzeiten, W\u00fcrstel vom Grill und Volksfestk\u00e4se. Dazu musikalische Unterhaltung.<\/p>\n                    <p>13.30 Uhr &#8211; Er\u00f6ffnung der &#8222;K\u00f6niglichen Streuobstwiese&#8220; im Feng Shui Kurpark<\/p>\n                    <p>17.00 Uhr Festakt zum 130-j\u00e4hrigen Jubil\u00e4um des Obst- und Gartenbauvereins Lallinger Winkel<\/p>\n                    <p>Sonntag &#8211; Jahrtag der Feuerwehr mit Kirchenzug der Ortsvereine (8.15 Uhr), Festgottesdienst mit Schubert-Messe in der Pfarrkirche (8.30 Uhr)<\/p>\n                    <p>anschlie\u00dfend Fr\u00fchtrunk im Zehentstadel mit den &#8222;Kohlhof-Musikanten&#8220; &#8211; Mitgliederehrung<\/p>\n                    <p>ab 12.30 Uhr Musik und Unterhaltung bis zum Festausklang.<\/p>\n                  <\/div>\n                <\/div>\n              <\/div>\n            <\/div>\n          <\/div>\n        <\/div>\n      <\/div>\n    <\/div>\n  <\/div>\n  <div data-colibri-component=\"section\" data-colibri-id=\"329-c16\" id=\"custom-2\" class=\"h-section h-section-global-spacing d-flex align-items-lg-center align-items-md-center align-items-center style-465 style-local-329-c16 position-relative\">\n    <!---->\n    <!---->\n    <div class=\"h-section-grid-container h-section-boxed-container\">\n      <!---->\n      <div data-colibri-id=\"329-c17\" class=\"h-row-container gutters-row-lg-2 gutters-row-md-2 gutters-row-0 gutters-row-v-lg-2 gutters-row-v-md-2 gutters-row-v-2 style-466 style-local-329-c17 position-relative\">\n        <!---->\n        <div class=\"h-row justify-content-lg-center justify-content-md-center justify-content-center align-items-lg-stretch align-items-md-stretch align-items-stretch gutters-col-lg-2 gutters-col-md-2 gutters-col-0 gutters-col-v-lg-2 gutters-col-v-md-2 gutters-col-v-2\">\n          <!---->\n          <div class=\"h-column h-column-container d-flex h-col-lg-auto h-col-md-auto h-col-auto style-467-outer style-local-329-c18-outer\">\n            <div data-colibri-id=\"329-c18\" class=\"d-flex h-flex-basis h-column__inner h-px-lg-2 h-px-md-2 h-px-2 v-inner-lg-2 v-inner-md-2 v-inner-2 style-467 style-local-329-c18 position-relative\">\n              <!---->\n              <!---->\n              <div class=\"w-100 h-y-container h-column__content h-column__v-align flex-basis-100 align-self-lg-start align-self-md-start align-self-start\">\n                <!---->\n                <div data-colibri-id=\"329-c19\" class=\"h-x-container style-469 style-local-329-c19 position-relative h-element\">\n                  <!---->\n                  <div class=\"h-x-container-inner style-dynamic-329-c19-group style-469-spacing style-local-329-c19-spacing\"><span class=\"h-link__outer style-470-outer style-local-329-c20-outer d-inline-flex h-element\"><a h-use-smooth-scroll=\"true\" href=\"wp-content\/uploads\/2026\/03\/Toepfermarkt-in-Lalling-Flyer-1.pdf\"  data-colibri-id=\"329-c20\" class=\"d-flex w-100 align-items-center h-link style-470 style-local-329-c20 position-relative\"><!----><!----> <span>Flyer T\u00f6pfermarkt zum Download<\/span><\/a>\n                    <\/span>\n                  <\/div>\n                <\/div>\n              <\/div>\n            <\/div>\n          <\/div>\n          <div class=\"h-column h-column-container d-flex h-col-lg-auto h-col-md-auto h-col-auto style-468-outer style-local-329-c21-outer\">\n            <div data-colibri-id=\"329-c21\" class=\"d-flex h-flex-basis h-column__inner h-px-lg-2 h-px-md-2 h-px-2 v-inner-lg-2 v-inner-md-2 v-inner-2 style-468 style-local-329-c21 position-relative\">\n              <!---->\n              <!---->\n              <div class=\"w-100 h-y-container h-column__content h-column__v-align flex-basis-100 align-self-lg-start align-self-md-start align-self-start\">\n                <!---->\n                <div data-colibri-id=\"329-c22\" class=\"h-x-container style-471 style-local-329-c22 position-relative h-element\">\n                  <!---->\n                  <div class=\"h-x-container-inner style-dynamic-329-c22-group style-471-spacing style-local-329-c22-spacing\"><span class=\"h-link__outer style-472-outer style-local-329-c23-outer d-inline-flex h-element\"><a h-use-smooth-scroll=\"true\" href=\"\"  data-colibri-id=\"329-c23\" class=\"d-flex w-100 align-items-center h-link style-472 style-local-329-c23 position-relative\"><!----><!----> <span>Plakat Mostfest &#8211; Progamm<\/span><\/a>\n                    <\/span>\n                  <\/div>\n                <\/div>\n              <\/div>\n            <\/div>\n          <\/div>\n        <\/div>\n      <\/div>\n    <\/div>\n  <\/div>\n<\/div>","protected":false},"excerpt":{"rendered":"<p>T\u00f6pfermarkt Lalling Samstag und Sonntag bietet sich von 10.00 bis 18.00 Uhr die Gelegenheit, Keramik hautnah zu erleben, die Aussteller pers\u00f6nlich kennen zu lernen und diesen einzigartigen Markt mit allen Sinnen zu genie\u00dfen. Freuen&nbsp;Sie sich auf liebevoll gestaltete Gebrauchskeramiken wie Tassen, Schalen und Teller \u00fcber kunstvolle Einzelst\u00fccke bis hinzu au\u00dfergew\u00f6hnlicher Garten- und Schmuckkeramik. Mostfest Zeitgleich [&hellip;]<\/p>\n","protected":false},"author":1,"featured_media":0,"parent":0,"menu_order":0,"comment_status":"closed","ping_status":"closed","template":"page-templates\/full-width-page.php","meta":{"footnotes":""},"class_list":["post-329","page","type-page","status-publish","hentry"],"_links":{"self":[{"href":"https:\/\/toepfermarkt-lalling.de\/index.php?rest_route=\/wp\/v2\/pages\/329","targetHints":{"allow":["GET"]}}],"collection":[{"href":"https:\/\/toepfermarkt-lalling.de\/index.php?rest_route=\/wp\/v2\/pages"}],"about":[{"href":"https:\/\/toepfermarkt-lalling.de\/index.php?rest_route=\/wp\/v2\/types\/page"}],"author":[{"embeddable":true,"href":"https:\/\/toepfermarkt-lalling.de\/index.php?rest_route=\/wp\/v2\/users\/1"}],"replies":[{"embeddable":true,"href":"https:\/\/toepfermarkt-lalling.de\/index.php?rest_route=%2Fwp%2Fv2%2Fcomments&post=329"}],"version-history":[{"count":14,"href":"https:\/\/toepfermarkt-lalling.de\/index.php?rest_route=\/wp\/v2\/pages\/329\/revisions"}],"predecessor-version":[{"id":784,"href":"https:\/\/toepfermarkt-lalling.de\/index.php?rest_route=\/wp\/v2\/pages\/329\/revisions\/784"}],"wp:attachment":[{"href":"https:\/\/toepfermarkt-lalling.de\/index.php?rest_route=%2Fwp%2Fv2%2Fmedia&parent=329"}],"curies":[{"name":"wp","href":"https:\/\/api.w.org\/{rel}","templated":true}]}}