{"id":36,"date":"2023-05-30T08:55:08","date_gmt":"2023-05-30T08:55:08","guid":{"rendered":"https:\/\/toepfermarkt-lalling.de\/?page_id=36"},"modified":"2026-03-23T09:20:11","modified_gmt":"2026-03-23T09:20:11","slug":"colibri-wp","status":"publish","type":"page","link":"https:\/\/toepfermarkt-lalling.de\/","title":{"rendered":"Front Page"},"content":{"rendered":"<div data-colibri-id=\"36-c1\" class=\"style-190 style-local-36-c1 position-relative\">\n  <!---->\n  <div data-colibri-component=\"section\" data-colibri-id=\"36-c2\" id=\"about\" class=\"h-section h-section-global-spacing d-flex align-items-lg-center align-items-md-center align-items-center style-198 style-local-36-c2 position-relative\">\n    <!---->\n    <!---->\n    <div class=\"h-section-grid-container h-section-boxed-container\">\n      <!---->\n      <div data-colibri-id=\"36-c3\" class=\"h-row-container gutters-row-lg-0 gutters-row-md-0 gutters-row-0 gutters-row-v-lg-0 gutters-row-v-md-0 gutters-row-v-0 style-199 style-local-36-c3 position-relative\">\n        <!---->\n        <div class=\"h-row justify-content-lg-center justify-content-md-center justify-content-center align-items-lg-stretch align-items-md-stretch align-items-stretch gutters-col-lg-0 gutters-col-md-0 gutters-col-0 gutters-col-v-lg-0 gutters-col-v-md-0 gutters-col-v-0\">\n          <!---->\n          <div class=\"h-column h-column-container d-flex h-col-lg-auto h-col-md-auto h-col-auto style-200-outer style-local-36-c4-outer\">\n            <div data-colibri-id=\"36-c4\" class=\"d-flex h-flex-basis h-column__inner h-px-lg-0 h-px-md-0 h-px-0 v-inner-lg-0 v-inner-md-0 v-inner-0 style-200 style-local-36-c4 position-relative\">\n              <!---->\n              <!---->\n              <div class=\"w-100 h-y-container h-column__content h-column__v-align flex-basis-100 align-self-lg-start align-self-md-start align-self-start\">\n                <!---->\n                <div data-colibri-id=\"36-c5\" class=\"h-global-transition-all h-heading style-202 style-local-36-c5 position-relative h-element\">\n                  <!---->\n                  <div class=\"h-heading__outer style-202 style-local-36-c5\">\n                    <!---->\n                    <!---->\n                    <h5 class=\"\">Mit dem T\u00f6pfermarkt und Mostfest startet der bunte Reigen aus Festen und M\u00e4rkten im Lallinger Winkel.\n                      <br>\n                      <br>Verbinden Sie Ihren Besuch mit einer genussvollen Entdeckungsreise: vom Bummel \u00fcber den T\u00f6pfermarkt und einem Besuch des Mostfestes im historischen Zehentstadel,&nbsp; weiter zum Feng Shui Kurpark in Lalling bis hin zum Streuobsterlebnisgarten\n                      in Panholling. Ein Erlebnis f\u00fcr alle Sinne!<\/h5>\n                  <\/div>\n                <\/div>\n              <\/div>\n            <\/div>\n          <\/div>\n          <div class=\"h-column h-column-container d-flex h-col-lg-auto h-col-md-auto h-col-auto style-204-outer style-local-36-c6-outer\">\n            <div data-colibri-id=\"36-c6\" class=\"d-flex h-flex-basis h-column__inner h-ui-empty-state-container h-px-lg-2 h-px-md-2 h-px-2 v-inner-lg-2 v-inner-md-2 v-inner-2 style-204 style-local-36-c6 position-relative\">\n              <!---->\n              <!---->\n              <div class=\"w-100 h-y-container h-column__content h-column__v-align flex-basis-100\">\n                <!---->\n              <\/div>\n            <\/div>\n          <\/div>\n        <\/div>\n      <\/div>\n    <\/div>\n  <\/div>\n  <div data-colibri-component=\"section\" data-colibri-id=\"36-c7\" id=\"overlappable\" class=\"h-section h-section-global-spacing d-flex align-items-lg-center align-items-md-center align-items-center style-191 style-local-36-c7 position-relative\">\n    <!---->\n    <!---->\n    <div class=\"h-section-grid-container h-section-boxed-container\">\n      <!---->\n      <div data-colibri-id=\"36-c8\" class=\"h-row-container gutters-row-lg-3 gutters-row-md-3 gutters-row-2 gutters-row-v-lg-3 gutters-row-v-md-3 gutters-row-v-2 style-192 style-local-36-c8 position-relative\">\n        <!---->\n        <div class=\"h-row justify-content-lg-center justify-content-md-center justify-content-center align-items-lg-stretch align-items-md-stretch align-items-stretch gutters-col-lg-3 gutters-col-md-3 gutters-col-2 gutters-col-v-lg-3 gutters-col-v-md-3 gutters-col-v-2\">\n          <!---->\n          <div class=\"h-column h-column-container d-flex h-col-lg-3 h-col-md-3 h-col-12 style-193-outer style-local-36-c9-outer\">\n            <div data-colibri-id=\"36-c9\" class=\"d-flex h-flex-basis h-column__inner h-px-lg-3 h-px-md-3 h-px-2 v-inner-lg-3 v-inner-md-3 v-inner-2 style-193 style-local-36-c9 position-relative\">\n              <!---->\n              <!---->\n              <div class=\"w-100 h-y-container h-column__content h-column__v-align flex-basis-100 align-self-lg-center align-self-md-center align-self-center\">\n                <!---->\n                <div data-colibri-id=\"36-c10\" class=\"h-icon style-194 style-local-36-c10 position-relative h-element\">\n                  <!---->\n                  <a href=\"https:\/\/toepfermarkt-lalling.de\/?page_id=335\" h-use-smooth-scroll=\"true\"><span class=\"h-svg-icon h-icon__icon style-194-icon style-local-36-c10-icon\"><!--Icon by Font Awesome (https:\/\/fontawesome.com)-->\n    <svg version=\"1.1\" xmlns=\"http:\/\/www.w3.org\/2000\/svg\" xmlns:xlink=\"http:\/\/www.w3.org\/1999\/xlink\" id=\"tags\" viewBox=\"0 0 1920 1896.0833\">\n      <path d=\"M448 448q0-53-37.5-90.5T320 320t-90.5 37.5T192 448t37.5 90.5T320 576t90.5-37.5T448 448zm1067 576q0 53-37 90l-491 492q-39 37-91 37-53 0-90-37L91 890q-38-37-64.5-101T0 672V256q0-52 38-90t90-38h416q53 0 117 26.5T763 219l715 714q37 39 37 91zm384 0q0 53-37 90l-491 492q-39 37-91 37-36 0-59-14t-53-45l470-470q37-37 37-90 0-52-37-91L923 219q-38-38-102-64.5T704 128h224q53 0 117 26.5t102 64.5l715 714q37 39 37 91z\"><\/path>\n    <\/svg><\/span><\/a>\n                <\/div>\n                <div data-colibri-id=\"36-c11\" class=\"h-global-transition-all h-heading style-195 style-local-36-c11 position-relative h-element\">\n                  <!---->\n                  <div class=\"h-heading__outer style-195 style-local-36-c11\">\n                    <!---->\n                    <!---->\n                    <a href=\"https:\/\/toepfermarkt-lalling.de\/?page_id=335\" h-use-smooth-scroll=\"true\">\n                      <h5 class=\"\">Die Teilnehmer<\/h5>\n                    <\/a>\n                  <\/div>\n                <\/div>\n                <div data-colibri-id=\"36-c12\" class=\"h-text h-text-component style-196 style-local-36-c12 position-relative h-element\">\n                  <!---->\n                  <!---->\n                  <div class=\"\">\n                    <p>Wer ist 2026 dabei?<\/p>\n                  <\/div>\n                <\/div>\n              <\/div>\n            <\/div>\n          <\/div>\n          <div class=\"h-column h-column-container d-flex h-col-lg-3 h-col-md-3 h-col-12 style-193-outer style-local-36-c13-outer\">\n            <div data-colibri-id=\"36-c13\" class=\"d-flex h-flex-basis h-column__inner h-px-lg-3 h-px-md-3 h-px-2 v-inner-lg-3 v-inner-md-3 v-inner-2 style-193 style-local-36-c13 position-relative\">\n              <!---->\n              <!---->\n              <div class=\"w-100 h-y-container h-column__content h-column__v-align flex-basis-100 align-self-lg-center align-self-md-center align-self-center\">\n                <!---->\n                <div data-colibri-id=\"36-c14\" class=\"h-icon style-194 style-local-36-c14 position-relative h-element\">\n                  <!---->\n                  <a href=\"https:\/\/toepfermarkt-lalling.de\/?page_id=327\" h-use-smooth-scroll=\"true\"><span class=\"h-svg-icon h-icon__icon style-194-icon style-local-36-c14-icon\"><!--Icon by Font Awesome (https:\/\/fontawesome.com)-->\n    <svg version=\"1.1\" xmlns=\"http:\/\/www.w3.org\/2000\/svg\" xmlns:xlink=\"http:\/\/www.w3.org\/1999\/xlink\" id=\"picture-o\" viewBox=\"0 0 1920 1896.0833\">\n      <path d=\"M640 576q0 80-56 136t-136 56-136-56-56-136 56-136 136-56 136 56 56 136zm1024 384v448H256v-192l320-320 160 160 512-512zm96-704H160q-13 0-22.5 9.5T128 288v1216q0 13 9.5 22.5t22.5 9.5h1600q13 0 22.5-9.5t9.5-22.5V288q0-13-9.5-22.5T1760 256zm160 32v1216q0 66-47 113t-113 47H160q-66 0-113-47T0 1504V288q0-66 47-113t113-47h1600q66 0 113 47t47 113z\"><\/path>\n    <\/svg><\/span><\/a>\n                <\/div>\n                <div data-colibri-id=\"36-c15\" class=\"h-global-transition-all h-heading style-195 style-local-36-c15 position-relative h-element\">\n                  <!---->\n                  <div class=\"h-heading__outer style-195 style-local-36-c15\">\n                    <!---->\n                    <!---->\n                    <a href=\"bilder\" h-use-smooth-scroll=\"true\">\n                      <h5 class=\"\">Bildergalerie<\/h5>\n                    <\/a>\n                  <\/div>\n                <\/div>\n                <div data-colibri-id=\"36-c16\" class=\"h-text h-text-component style-196 style-local-36-c16 position-relative h-element\">\n                  <!---->\n                  <!---->\n                  <div class=\"\">\n                    <p>Fr\u00fchere T\u00f6pferm\u00e4rkte <\/p>\n                  <\/div>\n                <\/div>\n              <\/div>\n            <\/div>\n          <\/div>\n          <div class=\"h-column h-column-container d-flex h-col-lg-3 h-col-md-3 h-col-12 style-197-outer style-local-36-c17-outer\">\n            <div data-colibri-id=\"36-c17\" class=\"d-flex h-flex-basis h-column__inner h-px-lg-3 h-px-md-3 h-px-2 v-inner-lg-3 v-inner-md-3 v-inner-2 style-197 style-local-36-c17 position-relative\">\n              <!---->\n              <!---->\n              <div class=\"w-100 h-y-container h-column__content h-column__v-align flex-basis-100 align-self-lg-center align-self-md-center align-self-center\">\n                <!---->\n                <div data-colibri-id=\"36-c18\" class=\"h-icon style-194 style-local-36-c18 position-relative h-element\">\n                  <!---->\n                  <a href=\"https:\/\/toepfermarkt-lalling.de\/?page_id=329\" h-use-smooth-scroll=\"true\"><span class=\"h-svg-icon h-icon__icon style-194-icon style-local-36-c18-icon\"><!--Icon by Font Awesome (https:\/\/fontawesome.com)-->\n    <svg version=\"1.1\" xmlns=\"http:\/\/www.w3.org\/2000\/svg\" xmlns:xlink=\"http:\/\/www.w3.org\/1999\/xlink\" id=\"info-circle\" viewBox=\"0 0 1536 1896.0833\">\n      <path d=\"M1024 1376v-160q0-14-9-23t-23-9h-96V672q0-14-9-23t-23-9H544q-14 0-23 9t-9 23v160q0 14 9 23t23 9h96v320h-96q-14 0-23 9t-9 23v160q0 14 9 23t23 9h448q14 0 23-9t9-23zM896 480V320q0-14-9-23t-23-9H672q-14 0-23 9t-9 23v160q0 14 9 23t23 9h192q14 0 23-9t9-23zm640 416q0 209-103 385.5T1153.5 1561 768 1664t-385.5-103T103 1281.5 0 896t103-385.5T382.5 231 768 128t385.5 103T1433 510.5 1536 896z\"><\/path>\n    <\/svg><\/span><\/a>\n                <\/div>\n                <div data-colibri-id=\"36-c19\" class=\"h-global-transition-all h-heading style-195 style-local-36-c19 position-relative h-element\">\n                  <!---->\n                  <div class=\"h-heading__outer style-195 style-local-36-c19\">\n                    <!---->\n                    <!---->\n                    <a href=\"https:\/\/toepfermarkt-lalling.de\/?page_id=329\" h-use-smooth-scroll=\"true\">\n                      <h5 class=\"\">Informationen<\/h5>\n                    <\/a>\n                  <\/div>\n                <\/div>\n                <div data-colibri-id=\"36-c20\" class=\"h-text h-text-component style-196 style-local-36-c20 position-relative h-element\">\n                  <!---->\n                  <!---->\n                  <div class=\"\">\n                    <p><span style=\"color: rgb(70, 112, 127); font-family: &quot;Open Sans&quot;; font-size: 16px; font-weight: 400;\">zum Mostfest und T\u00f6pfermarkt<span class=\"ql-cursor\">\ufeff<\/span><\/span>\n                    <\/p>\n                  <\/div>\n                <\/div>\n              <\/div>\n            <\/div>\n          <\/div>\n        <\/div>\n      <\/div>\n    <\/div>\n  <\/div>\n  <div data-colibri-component=\"section\" data-colibri-id=\"36-c21\" id=\"custom\" class=\"h-section h-section-global-spacing d-flex align-items-lg-center align-items-md-center align-items-center style-478 style-local-36-c21 position-relative\">\n    <!---->\n    <!---->\n    <div class=\"h-section-grid-container h-section-boxed-container\">\n      <!---->\n      <div data-colibri-id=\"36-c22\" class=\"h-row-container gutters-row-lg-2 gutters-row-md-2 gutters-row-0 gutters-row-v-lg-2 gutters-row-v-md-2 gutters-row-v-2 style-479 style-local-36-c22 position-relative\">\n        <!---->\n        <div class=\"h-row justify-content-lg-center justify-content-md-center justify-content-center align-items-lg-stretch align-items-md-stretch align-items-stretch gutters-col-lg-2 gutters-col-md-2 gutters-col-0 gutters-col-v-lg-2 gutters-col-v-md-2 gutters-col-v-2\">\n          <!---->\n          <div class=\"h-column h-column-container d-flex h-col-lg-auto h-col-md-auto h-col-auto style-480-outer style-local-36-c23-outer\">\n            <div data-colibri-id=\"36-c23\" class=\"d-flex h-flex-basis h-column__inner h-px-lg-2 h-px-md-2 h-px-2 v-inner-lg-2 v-inner-md-2 v-inner-2 style-480 style-local-36-c23 position-relative\">\n              <!---->\n              <!---->\n              <div class=\"w-100 h-y-container h-column__content h-column__v-align flex-basis-100 align-self-lg-start align-self-md-start align-self-start\">\n                <!---->\n                <div data-colibri-id=\"36-c24\" class=\"h-x-container style-484 style-local-36-c24 position-relative h-element\">\n                  <!---->\n                  <div class=\"h-x-container-inner style-dynamic-36-c24-group style-484-spacing style-local-36-c24-spacing\"><span class=\"h-link__outer style-485-outer style-local-36-c25-outer d-inline-flex h-element\"><a h-use-smooth-scroll=\"true\" href=\"https:\/\/toepfermarkt-lalling.de\/?page_id=496\"  data-colibri-id=\"36-c25\" class=\"d-flex w-100 align-items-center h-link style-485 style-local-36-c25 position-relative\"><!----><!----> <span>Impressum<\/span><\/a>\n                    <\/span><span class=\"h-link__outer style-486-outer style-local-36-c26-outer d-inline-flex h-element\"><a h-use-smooth-scroll=\"true\" href=\"https:\/\/toepfermarkt-lalling.de\/?page_id=501\"  data-colibri-id=\"36-c26\" class=\"d-flex w-100 align-items-center h-link style-486 style-local-36-c26 position-relative\"><!----><!----> <span>Datenschutz<\/span><\/a>\n                    <\/span>\n                  <\/div>\n                <\/div>\n              <\/div>\n            <\/div>\n          <\/div>\n        <\/div>\n      <\/div>\n    <\/div>\n  <\/div>\n<\/div>","protected":false},"excerpt":{"rendered":"<p>Mit dem T\u00f6pfermarkt und Mostfest startet der bunte Reigen aus Festen und M\u00e4rkten im Lallinger Winkel. Verbinden Sie Ihren Besuch mit einer genussvollen Entdeckungsreise: vom Bummel \u00fcber den T\u00f6pfermarkt und einem Besuch des Mostfestes im historischen Zehentstadel,&nbsp; weiter zum Feng Shui Kurpark in Lalling bis hin zum Streuobsterlebnisgarten in Panholling. Ein Erlebnis f\u00fcr alle Sinne! [&hellip;]<\/p>\n","protected":false},"author":1,"featured_media":0,"parent":0,"menu_order":0,"comment_status":"closed","ping_status":"closed","template":"page-templates\/homepage.php","meta":{"footnotes":""},"class_list":["post-36","page","type-page","status-publish","hentry"],"_links":{"self":[{"href":"https:\/\/toepfermarkt-lalling.de\/index.php?rest_route=\/wp\/v2\/pages\/36","targetHints":{"allow":["GET"]}}],"collection":[{"href":"https:\/\/toepfermarkt-lalling.de\/index.php?rest_route=\/wp\/v2\/pages"}],"about":[{"href":"https:\/\/toepfermarkt-lalling.de\/index.php?rest_route=\/wp\/v2\/types\/page"}],"author":[{"embeddable":true,"href":"https:\/\/toepfermarkt-lalling.de\/index.php?rest_route=\/wp\/v2\/users\/1"}],"replies":[{"embeddable":true,"href":"https:\/\/toepfermarkt-lalling.de\/index.php?rest_route=%2Fwp%2Fv2%2Fcomments&post=36"}],"version-history":[{"count":20,"href":"https:\/\/toepfermarkt-lalling.de\/index.php?rest_route=\/wp\/v2\/pages\/36\/revisions"}],"predecessor-version":[{"id":868,"href":"https:\/\/toepfermarkt-lalling.de\/index.php?rest_route=\/wp\/v2\/pages\/36\/revisions\/868"}],"wp:attachment":[{"href":"https:\/\/toepfermarkt-lalling.de\/index.php?rest_route=%2Fwp%2Fv2%2Fmedia&parent=36"}],"curies":[{"name":"wp","href":"https:\/\/api.w.org\/{rel}","templated":true}]}}