{"id":496,"date":"2025-05-26T12:05:13","date_gmt":"2025-05-26T12:05:13","guid":{"rendered":"https:\/\/toepfermarkt-lalling.de\/?page_id=496"},"modified":"2025-05-26T12:05:13","modified_gmt":"2025-05-26T12:05:13","slug":"impressum","status":"publish","type":"page","link":"https:\/\/toepfermarkt-lalling.de\/?page_id=496","title":{"rendered":"Impressum"},"content":{"rendered":"\n<h1 class=\"wp-block-heading\">Impressum<\/h1>\n\n\n\n<p>Gemeinde Lalling<br>Hauptstr. 28<br>94551 Lalling<br>Deutschland<\/p>\n\n\n\n<p>Tel.: 09904\/83120<br>Fax: 09904\/8312128<br>E-Mail: <a href=\"mailto:lalling@vgem-lalling.bayern.de\" target=\"_blank\" rel=\"noreferrer noopener\">lalling@vgem-lalling.bayern.de<\/a><\/p>\n\n\n\n<p>Plattform der EU-Kommission zur Online-Streitbeilegung: <a href=\"https:\/\/ec.europa.eu\/consumers\/odr\" target=\"_blank\" rel=\"noreferrer noopener\">https:\/\/ec.europa.eu\/consumers\/odr<\/a><\/p>\n\n\n\n<p>Wir sind zur Teilnahme an einem Streitbeilegungsverfahren vor einer Verbraucherschlichtungsstelle weder verpflichtet noch bereit.<\/p>\n\n\n\n<p>Die Gemeinde Lalling ist eine K\u00f6rperschaft des \u00f6ffentlichen Rechts, die durch den 1. B\u00fcrgermeister Herrn Michael Reitberger vertreten wird.<\/p>\n\n\n\n<hr class=\"wp-block-separator has-alpha-channel-opacity\"\/>\n\n\n\n<p>Der Inhalt dieser Webseite wird gepflegt von <\/p>\n\n\n\n<p>Tourist-Info Lallinger Winkel<br>Hauptstra\u00dfe 10<br>94551 Lalling<br>Tel.: 09904\/374<br>E-Mail: info@lallingerwinkel.de &#8211; info@toepfermarkt.de<\/p>\n","protected":false},"excerpt":{"rendered":"<p>Impressum Gemeinde LallingHauptstr. 2894551 LallingDeutschland Tel.: 09904\/83120Fax: 09904\/8312128E-Mail: lalling@vgem-lalling.bayern.de Plattform der EU-Kommission zur Online-Streitbeilegung: https:\/\/ec.europa.eu\/consumers\/odr Wir sind zur Teilnahme an einem Streitbeilegungsverfahren vor einer Verbraucherschlichtungsstelle weder verpflichtet noch bereit. Die Gemeinde Lalling ist eine K\u00f6rperschaft des \u00f6ffentlichen Rechts, die durch den 1. B\u00fcrgermeister Herrn Michael Reitberger vertreten wird. Der Inhalt dieser Webseite wird gepflegt von [&hellip;]<\/p>\n","protected":false},"author":2,"featured_media":0,"parent":0,"menu_order":0,"comment_status":"closed","ping_status":"closed","template":"","meta":{"footnotes":""},"class_list":["post-496","page","type-page","status-publish","hentry"],"_links":{"self":[{"href":"https:\/\/toepfermarkt-lalling.de\/index.php?rest_route=\/wp\/v2\/pages\/496","targetHints":{"allow":["GET"]}}],"collection":[{"href":"https:\/\/toepfermarkt-lalling.de\/index.php?rest_route=\/wp\/v2\/pages"}],"about":[{"href":"https:\/\/toepfermarkt-lalling.de\/index.php?rest_route=\/wp\/v2\/types\/page"}],"author":[{"embeddable":true,"href":"https:\/\/toepfermarkt-lalling.de\/index.php?rest_route=\/wp\/v2\/users\/2"}],"replies":[{"embeddable":true,"href":"https:\/\/toepfermarkt-lalling.de\/index.php?rest_route=%2Fwp%2Fv2%2Fcomments&post=496"}],"version-history":[{"count":0,"href":"https:\/\/toepfermarkt-lalling.de\/index.php?rest_route=\/wp\/v2\/pages\/496\/revisions"}],"wp:attachment":[{"href":"https:\/\/toepfermarkt-lalling.de\/index.php?rest_route=%2Fwp%2Fv2%2Fmedia&parent=496"}],"curies":[{"name":"wp","href":"https:\/\/api.w.org\/{rel}","templated":true}]}}